{"id":10,"date":"2026-01-31T15:45:24","date_gmt":"2026-01-31T14:45:24","guid":{"rendered":"https:\/\/airthquake.com\/?page_id=10"},"modified":"2026-01-31T19:05:22","modified_gmt":"2026-01-31T18:05:22","slug":"10-2","status":"publish","type":"page","link":"https:\/\/airthquake.com\/","title":{"rendered":"Home page"},"content":{"rendered":"\n<div class=\"wp-block-group alignfull is-style-section-5 has-global-padding is-layout-constrained wp-block-group-is-layout-constrained is-style-section-5--1\" style=\"margin-top:0;margin-bottom:0;padding-top:var(--wp--preset--spacing--50);padding-bottom:var(--wp--preset--spacing--50)\">\n<div class=\"wp-block-columns alignwide is-layout-flex wp-container-core-columns-is-layout-7ee84d44 wp-block-columns-is-layout-flex\">\n<div class=\"wp-block-column is-vertically-aligned-top is-layout-flow wp-block-column-is-layout-flow\" style=\"flex-basis:50%\">\n<figure class=\"wp-block-image size-large\"><img loading=\"lazy\" decoding=\"async\" width=\"1024\" height=\"1024\" src=\"https:\/\/airthquake.com\/wp-content\/uploads\/2026\/01\/AIrthquake-DE-PRIME-ABORD-1024x1024.webp\" alt=\"\" class=\"wp-image-76\" srcset=\"https:\/\/airthquake.com\/wp-content\/uploads\/2026\/01\/AIrthquake-DE-PRIME-ABORD-1024x1024.webp 1024w, https:\/\/airthquake.com\/wp-content\/uploads\/2026\/01\/AIrthquake-DE-PRIME-ABORD-300x300.webp 300w, https:\/\/airthquake.com\/wp-content\/uploads\/2026\/01\/AIrthquake-DE-PRIME-ABORD-150x150.webp 150w, https:\/\/airthquake.com\/wp-content\/uploads\/2026\/01\/AIrthquake-DE-PRIME-ABORD-768x768.webp 768w, https:\/\/airthquake.com\/wp-content\/uploads\/2026\/01\/AIrthquake-DE-PRIME-ABORD.webp 1280w\" sizes=\"auto, (max-width: 1024px) 100vw, 1024px\" \/><\/figure>\n<\/div>\n\n\n\n<div class=\"wp-block-column is-layout-flow wp-block-column-is-layout-flow\">\n<p class=\"is-style-default has-contrast-background-color has-background\">Le premier album du groupe de musique <strong>AIrthquake <\/strong>intitul\u00e9 <strong>DE PRIME ABORD <\/strong>est disponible  sur la plupart des plateformes musicales (Spotify, Deezer, Apple Music&#8230;). Les titres couvrent des sujets dans l&#8217;air du temps ou au contraire intemporels. Une orientation est clairement mise sur les textes, en fran\u00e7ais sauf exception. Les styles musicaux varient selon les titres : Hard-rock\/Rock, Blues, Jazz ou ballade.<\/p>\n\n\n\n<p class=\"has-contrast-background-color has-background\"><em>The first album by the band AIrthquake, entitled DE PRIME ABORD, is now available on most music platforms  (Spotify, Deezer, Apple Music&#8230;<\/em>)<em>. The tracks cover topics that are either contemporary or timeless. There is a clear focus on the lyrics, which are in French with a few exceptions. The musical styles vary depending on the track: hard rock\/rock, blues, jazz, or ballads.<\/em><\/p>\n<\/div>\n<\/div>\n\n\n\n<p><\/p>\n<\/div>\n\n\n\n<div class=\"wp-block-group alignfull has-global-padding is-layout-constrained wp-block-group-is-layout-constrained\" style=\"margin-top:var(--wp--preset--spacing--30);margin-bottom:var(--wp--preset--spacing--30)\">\n<div class=\"wp-block-group alignwide is-layout-grid wp-container-core-group-is-layout-3d161711 wp-block-group-is-layout-grid\" style=\"padding-top:0;padding-right:0;padding-bottom:0;padding-left:0\">\n<div class=\"wp-block-group is-vertical is-content-justification-left is-layout-flex wp-container-core-group-is-layout-dd225191 wp-block-group-is-layout-flex\">\n<p class=\"is-style-text-subtitle has-contrast-color has-text-color has-link-color wp-elements-be7d1823a136f0945a44f23ae24ab79a is-style-text-subtitle--2\">A propos d&#8217;AIrthquake<\/p>\n\n\n\n<p class=\"has-contrast-color has-text-color has-link-color has-medium-font-size wp-elements-75e059d167693da891d04af2d9443dc4\">AIrthquake s&#8217;appuie sur des styles de musique diff\u00e9rents pouvant aller du hard-rock vers des ballades romantiques ou tristes en incluant le jazz en fonction de la couleur associ\u00e9e aux paroles. La d\u00e9marche d&#8217;AIrthquake est tout d&#8217;abord d&#8217;approcher l&#8217;\u00e9motion par les textes et de les fusionner ensuite dans un style de musique. La plupart des chansons sont \u00e9crites en fran\u00e7ais, certaines en anglais lorsque la musique ou l&#8217;intuition l&#8217;imposait.<\/p>\n<\/div>\n\n\n\n<div class=\"wp-block-group is-vertical is-content-justification-stretch is-nowrap is-layout-flex wp-container-core-group-is-layout-acf6775c wp-block-group-is-layout-flex\" style=\"padding-top:var(--wp--preset--spacing--50)\">\n<iframe data-testid=\"embed-iframe\" style=\"border-radius:12px\" src=\"https:\/\/open.spotify.com\/embed\/artist\/4JGvd0QVfOqdjdm27GQUs5?utm_source=generator\" width=\"100%\" height=\"152\" frameBorder=\"0\" allowfullscreen=\"\" allow=\"autoplay; clipboard-write; encrypted-media; fullscreen; picture-in-picture\" loading=\"lazy\"><\/iframe>\n<\/div>\n<\/div>\n<\/div>\n\n\n\n<div class=\"wp-block-group alignfull has-global-padding is-layout-constrained wp-block-group-is-layout-constrained\" style=\"margin-top:0;margin-bottom:0\">\n<div class=\"wp-block-group alignwide is-layout-flow wp-container-core-group-is-layout-aeb2cfcc wp-block-group-is-layout-flow\" style=\"padding-top:var(--wp--preset--spacing--30);padding-bottom:var(--wp--preset--spacing--30)\">\n<div class=\"wp-block-columns is-layout-flex wp-container-core-columns-is-layout-cbe57604 wp-block-columns-is-layout-flex\">\n<div class=\"wp-block-column is-layout-flow wp-block-column-is-layout-flow\">\n<div class=\"wp-block-group alignwide is-style-default is-layout-flow wp-block-group-is-layout-flow\" style=\"border-top-color:var(--wp--preset--color--accent-6);border-top-width:1px;min-height:0px;padding-top:var(--wp--preset--spacing--30);padding-bottom:var(--wp--preset--spacing--30)\">\n<h3 class=\"wp-block-heading has-contrast-color has-text-color has-link-color wp-elements-7cee0445abab44f410c7a3079b30f575\">Qui sommes-nous ?<\/h3>\n\n\n\n<p class=\"is-style-default has-contrast-color has-text-color has-link-color has-medium-font-size wp-elements-8fa51c68f41fded22d5c9830938599c5\">Nous sommes un groupe d&#8217;auteurs qui, \u00e0 l&#8217;heure o\u00f9 la musique peut \u00eatre g\u00e9n\u00e9r\u00e9e par les outils d&#8217;Intelligence Artificielle, pensons que les textes doivent \u00eatre des diff\u00e9rentiateurs forts de la cr\u00e9ation musicale. Nos sensibilit\u00e9s diff\u00e9rentes orientent nos textes vers des sujets vari\u00e9s qui s&#8217;adaptent \u00e0 diff\u00e9rents types des musiques.<\/p>\n\n\n\n<p class=\"has-contrast-color has-text-color has-link-color has-medium-font-size wp-elements-19e35b5ccfed21de5c2bad2dbbb1a8e8\"><\/p>\n<\/div>\n<\/div>\n\n\n\n<div class=\"wp-block-column is-layout-flow wp-block-column-is-layout-flow\">\n<div class=\"wp-block-group is-layout-flow wp-block-group-is-layout-flow\" style=\"border-top-color:var(--wp--preset--color--accent-6);border-top-width:1px;padding-top:var(--wp--preset--spacing--30);padding-bottom:var(--wp--preset--spacing--30)\">\n<h3 class=\"wp-block-heading is-style-default has-contrast-color has-text-color has-link-color wp-elements-60773657c3989354eddc856a889c2c9b\">Comment nous trouvez sur les plateformes ? <\/h3>\n\n\n\n<p class=\"is-style-default has-contrast-color has-text-color has-link-color has-medium-font-size wp-elements-48c27d12b27d995adc24fdaa1dbe6ae9\">Rien de plus simple : faites une recherche sur le nom AIrthquake (et vous reconna\u00eetrez l&#8217;image de l&#8217;album) ou sur le titre de l&#8217;album DE PRIME ABORD.<\/p>\n\n\n\n<p class=\"has-contrast-color has-text-color has-link-color has-medium-font-size wp-elements-0716e42dd442a7c14a5900913c851f13\">Retrouvez-nous aussi sur Instagram <a href=\"https:\/\/www.instagram.com\/airthquake.official\/\" target=\"_blank\" rel=\"noreferrer noopener\">@airthquake.official<\/a><\/p>\n<\/div>\n<\/div>\n<\/div>\n\n\n\n<div class=\"wp-block-columns is-layout-flex wp-container-core-columns-is-layout-cbe57604 wp-block-columns-is-layout-flex\">\n<div class=\"wp-block-column is-layout-flow wp-block-column-is-layout-flow\">\n<div class=\"wp-block-group alignwide is-layout-flow wp-block-group-is-layout-flow\" style=\"border-top-color:var(--wp--preset--color--accent-6);border-top-width:1px;padding-top:var(--wp--preset--spacing--30);padding-bottom:var(--wp--preset--spacing--30)\">\n<h3 class=\"wp-block-heading has-contrast-color has-text-color has-link-color wp-elements-4dfe1b9bbaa07d372e4e93dcbed7ccea\">En quoi cette d\u00e9marche est-elle novatrice ? <\/h3>\n\n\n\n<p class=\"has-contrast-color has-text-color has-link-color has-medium-font-size wp-elements-1c005ee467fffe2a321422958f70c66a\">Nous ne pr\u00e9tendons pas \u00eatre novateurs, mais simplement tenter de remettre un \u00e9quilibre entre textes et musique \u00e0 l&#8217;heure o\u00f9 la musique bas\u00e9e sur l&#8217;IA va bouleverser le paysage musical.<\/p>\n\n\n\n<p class=\"has-contrast-color has-text-color has-link-color has-medium-font-size wp-elements-19e35b5ccfed21de5c2bad2dbbb1a8e8\"><\/p>\n<\/div>\n<\/div>\n\n\n\n<div class=\"wp-block-column is-layout-flow wp-block-column-is-layout-flow\">\n<div class=\"wp-block-group is-layout-flow wp-block-group-is-layout-flow\" style=\"border-top-color:var(--wp--preset--color--accent-6);border-top-width:1px;padding-top:var(--wp--preset--spacing--30);padding-bottom:var(--wp--preset--spacing--30)\">\n<h3 class=\"wp-block-heading has-contrast-color has-text-color has-link-color wp-elements-69cb19b00a508df79bd687ab52cd730b\">Utilisez-vous l&#8217;IA pour cr\u00e9er vos textes ? <\/h3>\n\n\n\n<p class=\"has-contrast-color has-text-color has-link-color has-medium-font-size wp-elements-9e8e76c5587d125320324c7aa9d14bce\">Absolument pas ! Nous revendiquons que toutes nos paroles sont issues de cerveaux humains sans recourir \u00e0 l&#8217;IA. Nous vous laissons seuls juges.<\/p>\n\n\n\n<p class=\"has-contrast-color has-text-color has-link-color has-medium-font-size wp-elements-19e35b5ccfed21de5c2bad2dbbb1a8e8\"><\/p>\n<\/div>\n<\/div>\n<\/div>\n<\/div>\n<\/div>\n\n\n\n<div class=\"wp-block-group alignfull has-global-padding is-layout-constrained wp-container-core-group-is-layout-08655630 wp-block-group-is-layout-constrained\" style=\"margin-top:0;margin-bottom:0;padding-top:var(--wp--preset--spacing--80);padding-bottom:var(--wp--preset--spacing--80)\">\n<div class=\"wp-block-group alignwide is-layout-flow wp-block-group-is-layout-flow\">\n<div style=\"height:var(--wp--preset--spacing--40)\" aria-hidden=\"true\" class=\"wp-block-spacer\"><\/div>\n\n\n\n<ul class=\"wp-block-social-links has-icon-color is-style-logos-only is-content-justification-center is-layout-flex wp-container-core-social-links-is-layout-a89b3969 wp-block-social-links-is-layout-flex\"><li class=\"wp-social-link wp-social-link-facebook has-contrast-color wp-block-social-link\"><a href=\"#\" class=\"wp-block-social-link-anchor\"><svg width=\"24\" height=\"24\" viewBox=\"0 0 24 24\" version=\"1.1\" xmlns=\"http:\/\/www.w3.org\/2000\/svg\" aria-hidden=\"true\" focusable=\"false\"><path d=\"M12 2C6.5 2 2 6.5 2 12c0 5 3.7 9.1 8.4 9.9v-7H7.9V12h2.5V9.8c0-2.5 1.5-3.9 3.8-3.9 1.1 0 2.2.2 2.2.2v2.5h-1.3c-1.2 0-1.6.8-1.6 1.6V12h2.8l-.4 2.9h-2.3v7C18.3 21.1 22 17 22 12c0-5.5-4.5-10-10-10z\"><\/path><\/svg><span class=\"wp-block-social-link-label screen-reader-text\">Facebook<\/span><\/a><\/li>\n\n<li class=\"wp-social-link wp-social-link-instagram has-contrast-color wp-block-social-link\"><a href=\"https:\/\/www.instagram.com\/airthquake.official\/\" class=\"wp-block-social-link-anchor\"><svg width=\"24\" height=\"24\" viewBox=\"0 0 24 24\" version=\"1.1\" xmlns=\"http:\/\/www.w3.org\/2000\/svg\" aria-hidden=\"true\" focusable=\"false\"><path d=\"M12,4.622c2.403,0,2.688,0.009,3.637,0.052c0.877,0.04,1.354,0.187,1.671,0.31c0.42,0.163,0.72,0.358,1.035,0.673 c0.315,0.315,0.51,0.615,0.673,1.035c0.123,0.317,0.27,0.794,0.31,1.671c0.043,0.949,0.052,1.234,0.052,3.637 s-0.009,2.688-0.052,3.637c-0.04,0.877-0.187,1.354-0.31,1.671c-0.163,0.42-0.358,0.72-0.673,1.035 c-0.315,0.315-0.615,0.51-1.035,0.673c-0.317,0.123-0.794,0.27-1.671,0.31c-0.949,0.043-1.233,0.052-3.637,0.052 s-2.688-0.009-3.637-0.052c-0.877-0.04-1.354-0.187-1.671-0.31c-0.42-0.163-0.72-0.358-1.035-0.673 c-0.315-0.315-0.51-0.615-0.673-1.035c-0.123-0.317-0.27-0.794-0.31-1.671C4.631,14.688,4.622,14.403,4.622,12 s0.009-2.688,0.052-3.637c0.04-0.877,0.187-1.354,0.31-1.671c0.163-0.42,0.358-0.72,0.673-1.035 c0.315-0.315,0.615-0.51,1.035-0.673c0.317-0.123,0.794-0.27,1.671-0.31C9.312,4.631,9.597,4.622,12,4.622 M12,3 C9.556,3,9.249,3.01,8.289,3.054C7.331,3.098,6.677,3.25,6.105,3.472C5.513,3.702,5.011,4.01,4.511,4.511 c-0.5,0.5-0.808,1.002-1.038,1.594C3.25,6.677,3.098,7.331,3.054,8.289C3.01,9.249,3,9.556,3,12c0,2.444,0.01,2.751,0.054,3.711 c0.044,0.958,0.196,1.612,0.418,2.185c0.23,0.592,0.538,1.094,1.038,1.594c0.5,0.5,1.002,0.808,1.594,1.038 c0.572,0.222,1.227,0.375,2.185,0.418C9.249,20.99,9.556,21,12,21s2.751-0.01,3.711-0.054c0.958-0.044,1.612-0.196,2.185-0.418 c0.592-0.23,1.094-0.538,1.594-1.038c0.5-0.5,0.808-1.002,1.038-1.594c0.222-0.572,0.375-1.227,0.418-2.185 C20.99,14.751,21,14.444,21,12s-0.01-2.751-0.054-3.711c-0.044-0.958-0.196-1.612-0.418-2.185c-0.23-0.592-0.538-1.094-1.038-1.594 c-0.5-0.5-1.002-0.808-1.594-1.038c-0.572-0.222-1.227-0.375-2.185-0.418C14.751,3.01,14.444,3,12,3L12,3z M12,7.378 c-2.552,0-4.622,2.069-4.622,4.622S9.448,16.622,12,16.622s4.622-2.069,4.622-4.622S14.552,7.378,12,7.378z M12,15 c-1.657,0-3-1.343-3-3s1.343-3,3-3s3,1.343,3,3S13.657,15,12,15z M16.804,6.116c-0.596,0-1.08,0.484-1.08,1.08 s0.484,1.08,1.08,1.08c0.596,0,1.08-0.484,1.08-1.08S17.401,6.116,16.804,6.116z\"><\/path><\/svg><span class=\"wp-block-social-link-label screen-reader-text\">Instagram<\/span><\/a><\/li><\/ul>\n<\/div>\n<\/div>\n\n\n\n<ul class=\"wp-block-social-links is-layout-flex wp-block-social-links-is-layout-flex\"><\/ul>\n","protected":false},"excerpt":{"rendered":"<p>Le premier album du groupe de musique AIrthquake intitul\u00e9 DE PRIME ABORD est disponible sur la plupart des plateformes musicales (Spotify, Deezer, Apple Music&#8230;). Les titres couvrent des sujets dans l&#8217;air du temps ou au contraire intemporels. Une orientation est clairement mise sur les textes, en fran\u00e7ais sauf exception. Les styles musicaux varient selon les [&hellip;]<\/p>\n","protected":false},"author":1,"featured_media":0,"parent":0,"menu_order":0,"comment_status":"closed","ping_status":"closed","template":"page-no-title","meta":{"footnotes":""},"class_list":["post-10","page","type-page","status-publish","hentry"],"yoast_head":"<!-- This site is optimized with the Yoast SEO plugin v26.3 - https:\/\/yoast.com\/wordpress\/plugins\/seo\/ -->\n<title>AIrthquake - DE PRIME ABORD<\/title>\n<meta name=\"description\" content=\"L&#039;album DE PRIME ABORD du groupe AIrthquake est disponible sur les plateformes musicales. Avec une orientation clairement mise sur les textes, les styles musicaux varient selon les titres : Hard-rock\/Rock, Blues, Jazz ou ballade.\" \/>\n<meta name=\"robots\" content=\"index, follow, max-snippet:-1, max-image-preview:large, max-video-preview:-1\" \/>\n<link rel=\"canonical\" href=\"https:\/\/airthquake.com\/\" \/>\n<meta property=\"og:locale\" content=\"en_US\" \/>\n<meta property=\"og:type\" content=\"article\" \/>\n<meta property=\"og:title\" content=\"AIrthquake - DE PRIME ABORD\" \/>\n<meta property=\"og:description\" content=\"L&#039;album DE PRIME ABORD du groupe AIrthquake est disponible sur les plateformes musicales. Avec une orientation clairement mise sur les textes, les styles musicaux varient selon les titres : Hard-rock\/Rock, Blues, Jazz ou ballade.\" \/>\n<meta property=\"og:url\" content=\"https:\/\/airthquake.com\/\" \/>\n<meta property=\"og:site_name\" content=\"AIrthquake\" \/>\n<meta property=\"article:modified_time\" content=\"2026-01-31T18:05:22+00:00\" \/>\n<meta property=\"og:image\" content=\"https:\/\/airthquake.com\/wp-content\/uploads\/2026\/01\/AIrthquake-DE-PRIME-ABORD.webp\" \/>\n\t<meta property=\"og:image:width\" content=\"1280\" \/>\n\t<meta property=\"og:image:height\" content=\"1280\" \/>\n\t<meta property=\"og:image:type\" content=\"image\/webp\" \/>\n<meta name=\"twitter:card\" content=\"summary_large_image\" \/>\n<meta name=\"twitter:label1\" content=\"Est. reading time\" \/>\n\t<meta name=\"twitter:data1\" content=\"2 minutes\" \/>\n<script type=\"application\/ld+json\" class=\"yoast-schema-graph\">{\"@context\":\"https:\/\/schema.org\",\"@graph\":[{\"@type\":\"WebPage\",\"@id\":\"https:\/\/airthquake.com\/\",\"url\":\"https:\/\/airthquake.com\/\",\"name\":\"AIrthquake - DE PRIME ABORD\",\"isPartOf\":{\"@id\":\"https:\/\/airthquake.com\/#website\"},\"primaryImageOfPage\":{\"@id\":\"https:\/\/airthquake.com\/#primaryimage\"},\"image\":{\"@id\":\"https:\/\/airthquake.com\/#primaryimage\"},\"thumbnailUrl\":\"https:\/\/airthquake.com\/wp-content\/uploads\/2026\/01\/AIrthquake-DE-PRIME-ABORD-1024x1024.webp\",\"datePublished\":\"2026-01-31T14:45:24+00:00\",\"dateModified\":\"2026-01-31T18:05:22+00:00\",\"description\":\"L'album DE PRIME ABORD du groupe AIrthquake est disponible sur les plateformes musicales. Avec une orientation clairement mise sur les textes, les styles musicaux varient selon les titres : Hard-rock\/Rock, Blues, Jazz ou ballade.\",\"breadcrumb\":{\"@id\":\"https:\/\/airthquake.com\/#breadcrumb\"},\"inLanguage\":\"en-US\",\"potentialAction\":[{\"@type\":\"ReadAction\",\"target\":[\"https:\/\/airthquake.com\/\"]}]},{\"@type\":\"ImageObject\",\"inLanguage\":\"en-US\",\"@id\":\"https:\/\/airthquake.com\/#primaryimage\",\"url\":\"https:\/\/airthquake.com\/wp-content\/uploads\/2026\/01\/AIrthquake-DE-PRIME-ABORD.webp\",\"contentUrl\":\"https:\/\/airthquake.com\/wp-content\/uploads\/2026\/01\/AIrthquake-DE-PRIME-ABORD.webp\",\"width\":1280,\"height\":1280},{\"@type\":\"BreadcrumbList\",\"@id\":\"https:\/\/airthquake.com\/#breadcrumb\",\"itemListElement\":[{\"@type\":\"ListItem\",\"position\":1,\"name\":\"Home\",\"item\":\"https:\/\/airthquake.com\/\"},{\"@type\":\"ListItem\",\"position\":2,\"name\":\"Home page\"}]},{\"@type\":\"WebSite\",\"@id\":\"https:\/\/airthquake.com\/#website\",\"url\":\"https:\/\/airthquake.com\/\",\"name\":\"AIrthquake\",\"description\":\"\",\"potentialAction\":[{\"@type\":\"SearchAction\",\"target\":{\"@type\":\"EntryPoint\",\"urlTemplate\":\"https:\/\/airthquake.com\/?s={search_term_string}\"},\"query-input\":{\"@type\":\"PropertyValueSpecification\",\"valueRequired\":true,\"valueName\":\"search_term_string\"}}],\"inLanguage\":\"en-US\"}]}<\/script>\n<!-- \/ Yoast SEO plugin. -->","yoast_head_json":{"title":"AIrthquake - DE PRIME ABORD","description":"L'album DE PRIME ABORD du groupe AIrthquake est disponible sur les plateformes musicales. Avec une orientation clairement mise sur les textes, les styles musicaux varient selon les titres : Hard-rock\/Rock, Blues, Jazz ou ballade.","robots":{"index":"index","follow":"follow","max-snippet":"max-snippet:-1","max-image-preview":"max-image-preview:large","max-video-preview":"max-video-preview:-1"},"canonical":"https:\/\/airthquake.com\/","og_locale":"en_US","og_type":"article","og_title":"AIrthquake - DE PRIME ABORD","og_description":"L'album DE PRIME ABORD du groupe AIrthquake est disponible sur les plateformes musicales. Avec une orientation clairement mise sur les textes, les styles musicaux varient selon les titres : Hard-rock\/Rock, Blues, Jazz ou ballade.","og_url":"https:\/\/airthquake.com\/","og_site_name":"AIrthquake","article_modified_time":"2026-01-31T18:05:22+00:00","og_image":[{"width":1280,"height":1280,"url":"https:\/\/airthquake.com\/wp-content\/uploads\/2026\/01\/AIrthquake-DE-PRIME-ABORD.webp","type":"image\/webp"}],"twitter_card":"summary_large_image","twitter_misc":{"Est. reading time":"2 minutes"},"schema":{"@context":"https:\/\/schema.org","@graph":[{"@type":"WebPage","@id":"https:\/\/airthquake.com\/","url":"https:\/\/airthquake.com\/","name":"AIrthquake - DE PRIME ABORD","isPartOf":{"@id":"https:\/\/airthquake.com\/#website"},"primaryImageOfPage":{"@id":"https:\/\/airthquake.com\/#primaryimage"},"image":{"@id":"https:\/\/airthquake.com\/#primaryimage"},"thumbnailUrl":"https:\/\/airthquake.com\/wp-content\/uploads\/2026\/01\/AIrthquake-DE-PRIME-ABORD-1024x1024.webp","datePublished":"2026-01-31T14:45:24+00:00","dateModified":"2026-01-31T18:05:22+00:00","description":"L'album DE PRIME ABORD du groupe AIrthquake est disponible sur les plateformes musicales. Avec une orientation clairement mise sur les textes, les styles musicaux varient selon les titres : Hard-rock\/Rock, Blues, Jazz ou ballade.","breadcrumb":{"@id":"https:\/\/airthquake.com\/#breadcrumb"},"inLanguage":"en-US","potentialAction":[{"@type":"ReadAction","target":["https:\/\/airthquake.com\/"]}]},{"@type":"ImageObject","inLanguage":"en-US","@id":"https:\/\/airthquake.com\/#primaryimage","url":"https:\/\/airthquake.com\/wp-content\/uploads\/2026\/01\/AIrthquake-DE-PRIME-ABORD.webp","contentUrl":"https:\/\/airthquake.com\/wp-content\/uploads\/2026\/01\/AIrthquake-DE-PRIME-ABORD.webp","width":1280,"height":1280},{"@type":"BreadcrumbList","@id":"https:\/\/airthquake.com\/#breadcrumb","itemListElement":[{"@type":"ListItem","position":1,"name":"Home","item":"https:\/\/airthquake.com\/"},{"@type":"ListItem","position":2,"name":"Home page"}]},{"@type":"WebSite","@id":"https:\/\/airthquake.com\/#website","url":"https:\/\/airthquake.com\/","name":"AIrthquake","description":"","potentialAction":[{"@type":"SearchAction","target":{"@type":"EntryPoint","urlTemplate":"https:\/\/airthquake.com\/?s={search_term_string}"},"query-input":{"@type":"PropertyValueSpecification","valueRequired":true,"valueName":"search_term_string"}}],"inLanguage":"en-US"}]}},"_links":{"self":[{"href":"https:\/\/airthquake.com\/index.php\/wp-json\/wp\/v2\/pages\/10","targetHints":{"allow":["GET"]}}],"collection":[{"href":"https:\/\/airthquake.com\/index.php\/wp-json\/wp\/v2\/pages"}],"about":[{"href":"https:\/\/airthquake.com\/index.php\/wp-json\/wp\/v2\/types\/page"}],"author":[{"embeddable":true,"href":"https:\/\/airthquake.com\/index.php\/wp-json\/wp\/v2\/users\/1"}],"replies":[{"embeddable":true,"href":"https:\/\/airthquake.com\/index.php\/wp-json\/wp\/v2\/comments?post=10"}],"version-history":[{"count":39,"href":"https:\/\/airthquake.com\/index.php\/wp-json\/wp\/v2\/pages\/10\/revisions"}],"predecessor-version":[{"id":109,"href":"https:\/\/airthquake.com\/index.php\/wp-json\/wp\/v2\/pages\/10\/revisions\/109"}],"wp:attachment":[{"href":"https:\/\/airthquake.com\/index.php\/wp-json\/wp\/v2\/media?parent=10"}],"curies":[{"name":"wp","href":"https:\/\/api.w.org\/{rel}","templated":true}]}}